{"id":12520,"date":"2021-04-28T16:36:57","date_gmt":"2021-04-28T16:36:57","guid":{"rendered":"https:\/\/cfaeavcoa.net\/wp\/?page_id=12520"},"modified":"2026-03-10T18:03:38","modified_gmt":"2026-03-10T18:03:38","slug":"avaliacao-do-desempenho-docente","status":"publish","type":"page","link":"https:\/\/cfaeavcoa.net\/wp\/?page_id=12520","title":{"rendered":"Avalia\u00e7\u00e3o do Desempenho Docente"},"content":{"rendered":"\t\t<div data-elementor-type=\"wp-page\" data-elementor-id=\"12520\" class=\"elementor elementor-12520\">\n\t\t\t\t\t\t\t\t\t<section class=\"elementor-section elementor-top-section elementor-element elementor-element-a8fe124 elementor-section-boxed elementor-section-height-default elementor-section-height-default\" data-id=\"a8fe124\" data-element_type=\"section\">\n\t\t\t\t\t\t<div class=\"elementor-container elementor-column-gap-default\">\n\t\t\t\t\t<div class=\"elementor-column elementor-col-100 elementor-top-column elementor-element elementor-element-cdb0038\" data-id=\"cdb0038\" data-element_type=\"column\">\n\t\t\t<div class=\"elementor-widget-wrap elementor-element-populated\">\n\t\t\t\t\t\t\t\t<div class=\"elementor-element elementor-element-83c0dd8 elementor-widget elementor-widget-heading\" data-id=\"83c0dd8\" data-element_type=\"widget\" data-widget_type=\"heading.default\">\n\t\t\t\t<div class=\"elementor-widget-container\">\n\t\t\t<h1 class=\"elementor-heading-title elementor-size-xl\">Avalia\u00e7\u00e3o do Desempenho Docente<\/h1>\t\t<\/div>\n\t\t\t\t<\/div>\n\t\t\t\t\t<\/div>\n\t\t<\/div>\n\t\t\t\t\t\t\t<\/div>\n\t\t<\/section>\n\t\t\t\t<section class=\"elementor-section elementor-top-section elementor-element elementor-element-f5a8212 elementor-section-boxed elementor-section-height-default elementor-section-height-default\" data-id=\"f5a8212\" data-element_type=\"section\">\n\t\t\t\t\t\t<div class=\"elementor-container elementor-column-gap-default\">\n\t\t\t\t\t<div class=\"elementor-column elementor-col-100 elementor-top-column elementor-element elementor-element-9453d7b\" data-id=\"9453d7b\" data-element_type=\"column\">\n\t\t\t<div class=\"elementor-widget-wrap elementor-element-populated\">\n\t\t\t\t\t\t\t\t<div class=\"elementor-element elementor-element-33ae613 elementor-widget elementor-widget-text-editor\" data-id=\"33ae613\" data-element_type=\"widget\" data-widget_type=\"text-editor.default\">\n\t\t\t\t<div class=\"elementor-widget-container\">\n\t\t\t\t\t\t\t<p style=\"text-align: center;\">Espa\u00e7o para a divulga\u00e7\u00e3o da <strong>Bolsa de Avaliadores Externos <\/strong>do <strong>CFAE AVCOA<\/strong> e de tudo o que lhe diz respeito &#8230;<\/p>\t\t\t\t\t\t<\/div>\n\t\t\t\t<\/div>\n\t\t\t\t\t<\/div>\n\t\t<\/div>\n\t\t\t\t\t\t\t<\/div>\n\t\t<\/section>\n\t\t\t\t<section class=\"elementor-section elementor-top-section elementor-element elementor-element-d5d9463 elementor-section-boxed elementor-section-height-default elementor-section-height-default\" data-id=\"d5d9463\" data-element_type=\"section\">\n\t\t\t\t\t\t<div class=\"elementor-container elementor-column-gap-default\">\n\t\t\t\t\t<div class=\"elementor-column elementor-col-100 elementor-top-column elementor-element elementor-element-ed94cec\" data-id=\"ed94cec\" data-element_type=\"column\">\n\t\t\t<div class=\"elementor-widget-wrap elementor-element-populated\">\n\t\t\t\t\t\t\t\t<div class=\"elementor-element elementor-element-f4d52f0 elementor-widget elementor-widget-spacer\" data-id=\"f4d52f0\" data-element_type=\"widget\" data-widget_type=\"spacer.default\">\n\t\t\t\t<div class=\"elementor-widget-container\">\n\t\t\t\t\t<div class=\"elementor-spacer\">\n\t\t\t<div class=\"elementor-spacer-inner\"><\/div>\n\t\t<\/div>\n\t\t\t\t<\/div>\n\t\t\t\t<\/div>\n\t\t\t\t\t<\/div>\n\t\t<\/div>\n\t\t\t\t\t\t\t<\/div>\n\t\t<\/section>\n\t\t\t\t<section class=\"elementor-section elementor-top-section elementor-element elementor-element-a5aca9a elementor-section-boxed elementor-section-height-default elementor-section-height-default\" data-id=\"a5aca9a\" data-element_type=\"section\">\n\t\t\t\t\t\t<div class=\"elementor-container elementor-column-gap-default\">\n\t\t\t\t\t<div class=\"elementor-column elementor-col-100 elementor-top-column elementor-element elementor-element-3a8055d\" data-id=\"3a8055d\" data-element_type=\"column\">\n\t\t\t<div class=\"elementor-widget-wrap elementor-element-populated\">\n\t\t\t\t\t\t\t\t<div class=\"elementor-element elementor-element-e47a0e4 elementor-widget elementor-widget-heading\" data-id=\"e47a0e4\" data-element_type=\"widget\" data-widget_type=\"heading.default\">\n\t\t\t\t<div class=\"elementor-widget-container\">\n\t\t\t<h1 class=\"elementor-heading-title elementor-size-medium\">Legisla\u00e7\u00e3o Aplic\u00e1vel<\/h1>\t\t<\/div>\n\t\t\t\t<\/div>\n\t\t\t\t\t<\/div>\n\t\t<\/div>\n\t\t\t\t\t\t\t<\/div>\n\t\t<\/section>\n\t\t\t\t<section class=\"elementor-section elementor-top-section elementor-element elementor-element-a658fae elementor-section-boxed elementor-section-height-default elementor-section-height-default\" data-id=\"a658fae\" data-element_type=\"section\">\n\t\t\t\t\t\t<div class=\"elementor-container elementor-column-gap-default\">\n\t\t\t\t\t<div class=\"elementor-column elementor-col-100 elementor-top-column elementor-element elementor-element-c12c05a\" data-id=\"c12c05a\" data-element_type=\"column\">\n\t\t\t<div class=\"elementor-widget-wrap elementor-element-populated\">\n\t\t\t\t\t\t\t\t<div class=\"elementor-element elementor-element-a14c0b5 elementor-widget elementor-widget-text-editor\" data-id=\"a14c0b5\" data-element_type=\"widget\" data-widget_type=\"text-editor.default\">\n\t\t\t\t<div class=\"elementor-widget-container\">\n\t\t\t\t\t\t\t<p style=\"padding-left: 80px;\"><a href=\"https:\/\/cfaeavcoa.net\/wp\/wp-content\/uploads\/2021\/05\/DecReg-26.12.pdf\" target=\"_blank\" rel=\"noopener\">Decreto Regulamentar 26 \/ 2012<\/a><\/p>\t\t\t\t\t\t<\/div>\n\t\t\t\t<\/div>\n\t\t\t\t\t<\/div>\n\t\t<\/div>\n\t\t\t\t\t\t\t<\/div>\n\t\t<\/section>\n\t\t\t\t<section class=\"elementor-section elementor-top-section elementor-element elementor-element-b8abbb4 elementor-section-boxed elementor-section-height-default elementor-section-height-default\" data-id=\"b8abbb4\" data-element_type=\"section\">\n\t\t\t\t\t\t<div class=\"elementor-container elementor-column-gap-default\">\n\t\t\t\t\t<div class=\"elementor-column elementor-col-100 elementor-top-column elementor-element elementor-element-bfd1b51\" data-id=\"bfd1b51\" data-element_type=\"column\">\n\t\t\t<div class=\"elementor-widget-wrap elementor-element-populated\">\n\t\t\t\t\t\t\t\t<div class=\"elementor-element elementor-element-e726b82 elementor-widget elementor-widget-text-editor\" data-id=\"e726b82\" data-element_type=\"widget\" data-widget_type=\"text-editor.default\">\n\t\t\t\t<div class=\"elementor-widget-container\">\n\t\t\t\t\t\t\t<p style=\"padding-left: 80px;\"><a href=\"https:\/\/cfaeavcoa.net\/wp\/wp-content\/uploads\/2021\/05\/Desp.Nor_24.12.pdf\" target=\"_blank\" rel=\"noopener\">Despacho Normativo 24 \/ 2012<\/a><\/p>\t\t\t\t\t\t<\/div>\n\t\t\t\t<\/div>\n\t\t\t\t\t<\/div>\n\t\t<\/div>\n\t\t\t\t\t\t\t<\/div>\n\t\t<\/section>\n\t\t\t\t<section class=\"elementor-section elementor-top-section elementor-element elementor-element-bbcc65a elementor-section-boxed elementor-section-height-default elementor-section-height-default\" data-id=\"bbcc65a\" data-element_type=\"section\">\n\t\t\t\t\t\t<div class=\"elementor-container elementor-column-gap-default\">\n\t\t\t\t\t<div class=\"elementor-column elementor-col-100 elementor-top-column elementor-element elementor-element-c4b17e1\" data-id=\"c4b17e1\" data-element_type=\"column\">\n\t\t\t<div class=\"elementor-widget-wrap elementor-element-populated\">\n\t\t\t\t\t\t\t\t<div class=\"elementor-element elementor-element-b1e7e53 elementor-widget elementor-widget-text-editor\" data-id=\"b1e7e53\" data-element_type=\"widget\" data-widget_type=\"text-editor.default\">\n\t\t\t\t<div class=\"elementor-widget-container\">\n\t\t\t\t\t\t\t<p style=\"padding-left: 80px;\"><a href=\"https:\/\/cfaeavcoa.net\/wp\/wp-content\/uploads\/2021\/05\/depacho_13981.12.pdf\" target=\"_blank\" rel=\"noopener\">Despacho 13981 \/ 2012<\/a><\/p>\t\t\t\t\t\t<\/div>\n\t\t\t\t<\/div>\n\t\t\t\t\t<\/div>\n\t\t<\/div>\n\t\t\t\t\t\t\t<\/div>\n\t\t<\/section>\n\t\t\t\t<section class=\"elementor-section elementor-top-section elementor-element elementor-element-8d45d4d elementor-section-boxed elementor-section-height-default elementor-section-height-default\" data-id=\"8d45d4d\" data-element_type=\"section\">\n\t\t\t\t\t\t<div class=\"elementor-container elementor-column-gap-default\">\n\t\t\t\t\t<div class=\"elementor-column elementor-col-100 elementor-top-column elementor-element elementor-element-9f424e5\" data-id=\"9f424e5\" data-element_type=\"column\">\n\t\t\t<div class=\"elementor-widget-wrap elementor-element-populated\">\n\t\t\t\t\t\t\t\t<div class=\"elementor-element elementor-element-ef9ffe0 elementor-widget elementor-widget-spacer\" data-id=\"ef9ffe0\" data-element_type=\"widget\" data-widget_type=\"spacer.default\">\n\t\t\t\t<div class=\"elementor-widget-container\">\n\t\t\t\t\t<div class=\"elementor-spacer\">\n\t\t\t<div class=\"elementor-spacer-inner\"><\/div>\n\t\t<\/div>\n\t\t\t\t<\/div>\n\t\t\t\t<\/div>\n\t\t\t\t<div class=\"elementor-element elementor-element-65d52c6 elementor-widget elementor-widget-heading\" data-id=\"65d52c6\" data-element_type=\"widget\" data-widget_type=\"heading.default\">\n\t\t\t\t<div class=\"elementor-widget-container\">\n\t\t\t<h1 class=\"elementor-heading-title elementor-size-medium\">Bolsa de Avaliadores Externos<\/h1>\t\t<\/div>\n\t\t\t\t<\/div>\n\t\t\t\t\t<\/div>\n\t\t<\/div>\n\t\t\t\t\t\t\t<\/div>\n\t\t<\/section>\n\t\t\t\t<section class=\"elementor-section elementor-top-section elementor-element elementor-element-532d484 elementor-section-boxed elementor-section-height-default elementor-section-height-default\" data-id=\"532d484\" data-element_type=\"section\">\n\t\t\t\t\t\t<div class=\"elementor-container elementor-column-gap-default\">\n\t\t\t\t\t<div class=\"elementor-column elementor-col-100 elementor-top-column elementor-element elementor-element-b65dcf9\" data-id=\"b65dcf9\" data-element_type=\"column\">\n\t\t\t<div class=\"elementor-widget-wrap elementor-element-populated\">\n\t\t\t\t\t\t\t\t<div class=\"elementor-element elementor-element-440db83 elementor-widget elementor-widget-text-editor\" data-id=\"440db83\" data-element_type=\"widget\" data-widget_type=\"text-editor.default\">\n\t\t\t\t<div class=\"elementor-widget-container\">\n\t\t\t\t\t\t\t<p style=\"padding-left: 80px;\"><a href=\"https:\/\/cfaeavcoa.net\/wp\/wp-content\/uploads\/2026\/02\/Regulamento_BAE.pdf\">Regulamento da BAE do CFAE AVCOA<\/a><br \/><br \/><a href=\"https:\/\/cfaeavcoa.net\/wp\/wp-content\/uploads\/2026\/03\/BAE_25.26_03.10_signed.pdf\" target=\"_blank\" rel=\"noopener\">Bolsa de Avaliadores Externos 2025\/2026<\/a><br \/>(Aprovado pelo Conselho de Diretores em 2026.02.12)<\/p>\t\t\t\t\t\t<\/div>\n\t\t\t\t<\/div>\n\t\t\t\t\t<\/div>\n\t\t<\/div>\n\t\t\t\t\t\t\t<\/div>\n\t\t<\/section>\n\t\t\t\t<section class=\"elementor-section elementor-top-section elementor-element elementor-element-20a06f7 elementor-section-boxed elementor-section-height-default elementor-section-height-default\" data-id=\"20a06f7\" data-element_type=\"section\">\n\t\t\t\t\t\t<div class=\"elementor-container elementor-column-gap-default\">\n\t\t\t\t\t<div class=\"elementor-column elementor-col-100 elementor-top-column elementor-element elementor-element-01a9522\" data-id=\"01a9522\" data-element_type=\"column\">\n\t\t\t<div class=\"elementor-widget-wrap elementor-element-populated\">\n\t\t\t\t\t\t\t\t<div class=\"elementor-element elementor-element-220d2ca elementor-widget elementor-widget-spacer\" data-id=\"220d2ca\" data-element_type=\"widget\" data-widget_type=\"spacer.default\">\n\t\t\t\t<div class=\"elementor-widget-container\">\n\t\t\t\t\t<div class=\"elementor-spacer\">\n\t\t\t<div class=\"elementor-spacer-inner\"><\/div>\n\t\t<\/div>\n\t\t\t\t<\/div>\n\t\t\t\t<\/div>\n\t\t\t\t\t<\/div>\n\t\t<\/div>\n\t\t\t\t\t\t\t<\/div>\n\t\t<\/section>\n\t\t\t\t<section class=\"elementor-section elementor-top-section elementor-element elementor-element-51072d5 elementor-section-boxed elementor-section-height-default elementor-section-height-default\" data-id=\"51072d5\" data-element_type=\"section\">\n\t\t\t\t\t\t<div class=\"elementor-container elementor-column-gap-default\">\n\t\t\t\t\t<div class=\"elementor-column elementor-col-100 elementor-top-column elementor-element elementor-element-857df63\" data-id=\"857df63\" data-element_type=\"column\">\n\t\t\t<div class=\"elementor-widget-wrap elementor-element-populated\">\n\t\t\t\t\t\t\t\t<div class=\"elementor-element elementor-element-8bb6f47 elementor-widget elementor-widget-text-editor\" data-id=\"8bb6f47\" data-element_type=\"widget\" data-widget_type=\"text-editor.default\">\n\t\t\t\t<div class=\"elementor-widget-container\">\n\t\t\t\t\t\t\t<p style=\"padding-left: 80px;\"><a href=\"https:\/\/cfaeavcoa.net\/wp\/wp-content\/uploads\/2024\/02\/Nota_Informativa_IGEFE.pdf\" target=\"_blank\" rel=\"noopener\">Nota informativa do IGeFe<\/a> (Nota informativa <span class=\"fontstyle0\">n\u00ba 04\/IGeFE\/2024)<\/span><\/p>\t\t\t\t\t\t<\/div>\n\t\t\t\t<\/div>\n\t\t\t\t\t<\/div>\n\t\t<\/div>\n\t\t\t\t\t\t\t<\/div>\n\t\t<\/section>\n\t\t\t\t<section class=\"elementor-section elementor-top-section elementor-element elementor-element-6ada0ab elementor-section-boxed elementor-section-height-default elementor-section-height-default\" data-id=\"6ada0ab\" data-element_type=\"section\">\n\t\t\t\t\t\t<div class=\"elementor-container elementor-column-gap-default\">\n\t\t\t\t\t<div class=\"elementor-column elementor-col-100 elementor-top-column elementor-element elementor-element-ef712a9\" data-id=\"ef712a9\" data-element_type=\"column\">\n\t\t\t<div class=\"elementor-widget-wrap elementor-element-populated\">\n\t\t\t\t\t\t\t\t<div class=\"elementor-element elementor-element-c128d66 elementor-widget elementor-widget-heading\" data-id=\"c128d66\" data-element_type=\"widget\" data-widget_type=\"heading.default\">\n\t\t\t\t<div class=\"elementor-widget-container\">\n\t\t\t<h2 class=\"elementor-heading-title elementor-size-default\">Calend\u00e1rio comum dos procedimentos da aedd no ano letivo 2025\/2026<\/h2>\t\t<\/div>\n\t\t\t\t<\/div>\n\t\t\t\t\t<\/div>\n\t\t<\/div>\n\t\t\t\t\t\t\t<\/div>\n\t\t<\/section>\n\t\t\t\t<section class=\"elementor-section elementor-top-section elementor-element elementor-element-077f50e elementor-section-boxed elementor-section-height-default elementor-section-height-default\" data-id=\"077f50e\" data-element_type=\"section\">\n\t\t\t\t\t\t<div class=\"elementor-container elementor-column-gap-default\">\n\t\t\t\t\t<div class=\"elementor-column elementor-col-100 elementor-top-column elementor-element elementor-element-3b2da7b\" data-id=\"3b2da7b\" data-element_type=\"column\">\n\t\t\t<div class=\"elementor-widget-wrap elementor-element-populated\">\n\t\t\t\t\t\t\t\t<div class=\"elementor-element elementor-element-e32f1cd elementor-widget elementor-widget-image\" data-id=\"e32f1cd\" data-element_type=\"widget\" data-widget_type=\"image.default\">\n\t\t\t\t<div class=\"elementor-widget-container\">\n\t\t\t\t\t\t\t\t\t\t\t\t\t\t\t<img loading=\"lazy\" decoding=\"async\" width=\"800\" height=\"566\" src=\"https:\/\/cfaeavcoa.net\/wp\/wp-content\/uploads\/2025\/10\/AEDD_25.26-1024x724.jpg\" class=\"attachment-large size-large wp-image-13896\" alt=\"\" srcset=\"https:\/\/cfaeavcoa.net\/wp\/wp-content\/uploads\/2025\/10\/AEDD_25.26-1024x724.jpg 1024w, https:\/\/cfaeavcoa.net\/wp\/wp-content\/uploads\/2025\/10\/AEDD_25.26-300x212.jpg 300w, https:\/\/cfaeavcoa.net\/wp\/wp-content\/uploads\/2025\/10\/AEDD_25.26-768x543.jpg 768w, https:\/\/cfaeavcoa.net\/wp\/wp-content\/uploads\/2025\/10\/AEDD_25.26-1536x1086.jpg 1536w, https:\/\/cfaeavcoa.net\/wp\/wp-content\/uploads\/2025\/10\/AEDD_25.26.jpg 1755w\" sizes=\"auto, (max-width: 800px) 100vw, 800px\" \/>\t\t\t\t\t\t\t\t\t\t\t\t\t\t\t<\/div>\n\t\t\t\t<\/div>\n\t\t\t\t\t<\/div>\n\t\t<\/div>\n\t\t\t\t\t\t\t<\/div>\n\t\t<\/section>\n\t\t\t\t\t\t\t<\/div>\n\t\t","protected":false},"excerpt":{"rendered":"<p>Avalia\u00e7\u00e3o do Desempenho Docente Espa\u00e7o para a divulga\u00e7\u00e3o da Bolsa de Avaliadores Externos do CFAE AVCOA e de tudo o que lhe diz respeito &#8230; Legisla\u00e7\u00e3o Aplic\u00e1vel Decreto Regulamentar 26<\/p>\n","protected":false},"author":1,"featured_media":0,"parent":0,"menu_order":0,"comment_status":"closed","ping_status":"closed","template":"","meta":{"footnotes":""},"class_list":["post-12520","page","type-page","status-publish"],"_links":{"self":[{"href":"https:\/\/cfaeavcoa.net\/wp\/index.php?rest_route=\/wp\/v2\/pages\/12520","targetHints":{"allow":["GET"]}}],"collection":[{"href":"https:\/\/cfaeavcoa.net\/wp\/index.php?rest_route=\/wp\/v2\/pages"}],"about":[{"href":"https:\/\/cfaeavcoa.net\/wp\/index.php?rest_route=\/wp\/v2\/types\/page"}],"author":[{"embeddable":true,"href":"https:\/\/cfaeavcoa.net\/wp\/index.php?rest_route=\/wp\/v2\/users\/1"}],"replies":[{"embeddable":true,"href":"https:\/\/cfaeavcoa.net\/wp\/index.php?rest_route=%2Fwp%2Fv2%2Fcomments&post=12520"}],"version-history":[{"count":179,"href":"https:\/\/cfaeavcoa.net\/wp\/index.php?rest_route=\/wp\/v2\/pages\/12520\/revisions"}],"predecessor-version":[{"id":13995,"href":"https:\/\/cfaeavcoa.net\/wp\/index.php?rest_route=\/wp\/v2\/pages\/12520\/revisions\/13995"}],"wp:attachment":[{"href":"https:\/\/cfaeavcoa.net\/wp\/index.php?rest_route=%2Fwp%2Fv2%2Fmedia&parent=12520"}],"curies":[{"name":"wp","href":"https:\/\/api.w.org\/{rel}","templated":true}]}}