{"id":12522,"date":"2021-04-28T16:36:57","date_gmt":"2021-04-28T16:36:57","guid":{"rendered":"https:\/\/cfaeavcoa.net\/wp\/?page_id=12522"},"modified":"2026-03-30T13:54:58","modified_gmt":"2026-03-30T13:54:58","slug":"ligacoes-uteis","status":"publish","type":"page","link":"https:\/\/cfaeavcoa.net\/wp\/?page_id=12522","title":{"rendered":"Liga\u00e7\u00f5es \u00dateis"},"content":{"rendered":"\t\t<div data-elementor-type=\"wp-page\" data-elementor-id=\"12522\" class=\"elementor elementor-12522\">\n\t\t\t\t\t\t\t\t\t<section class=\"elementor-section elementor-top-section elementor-element elementor-element-74b74b2 elementor-section-boxed elementor-section-height-default elementor-section-height-default\" data-id=\"74b74b2\" data-element_type=\"section\">\n\t\t\t\t\t\t<div class=\"elementor-container elementor-column-gap-default\">\n\t\t\t\t\t<div class=\"elementor-column elementor-col-100 elementor-top-column elementor-element elementor-element-f3ff518\" data-id=\"f3ff518\" data-element_type=\"column\">\n\t\t\t<div class=\"elementor-widget-wrap elementor-element-populated\">\n\t\t\t\t\t\t\t\t<div class=\"elementor-element elementor-element-c54e932 elementor-widget elementor-widget-heading\" data-id=\"c54e932\" data-element_type=\"widget\" data-widget_type=\"heading.default\">\n\t\t\t\t<div class=\"elementor-widget-container\">\n\t\t\t<h1 class=\"elementor-heading-title elementor-size-xl\">Liga\u00e7\u00f5es \u00dateis<\/h1>\t\t<\/div>\n\t\t\t\t<\/div>\n\t\t\t\t\t<\/div>\n\t\t<\/div>\n\t\t\t\t\t\t\t<\/div>\n\t\t<\/section>\n\t\t\t\t<section class=\"elementor-section elementor-top-section elementor-element elementor-element-9c9bf3b elementor-section-boxed elementor-section-height-default elementor-section-height-default\" data-id=\"9c9bf3b\" data-element_type=\"section\">\n\t\t\t\t\t\t<div class=\"elementor-container elementor-column-gap-default\">\n\t\t\t\t\t<div class=\"elementor-column elementor-col-100 elementor-top-column elementor-element elementor-element-4205319\" data-id=\"4205319\" data-element_type=\"column\">\n\t\t\t<div class=\"elementor-widget-wrap elementor-element-populated\">\n\t\t\t\t\t\t\t\t<div class=\"elementor-element elementor-element-bf14402 elementor-widget elementor-widget-heading\" data-id=\"bf14402\" data-element_type=\"widget\" data-widget_type=\"heading.default\">\n\t\t\t\t<div class=\"elementor-widget-container\">\n\t\t\t<h2 class=\"elementor-heading-title elementor-size-large\">Servi\u00e7os Centrais<\/h2>\t\t<\/div>\n\t\t\t\t<\/div>\n\t\t\t\t\t<\/div>\n\t\t<\/div>\n\t\t\t\t\t\t\t<\/div>\n\t\t<\/section>\n\t\t\t\t<section class=\"elementor-section elementor-top-section elementor-element elementor-element-b09fa58 elementor-section-boxed elementor-section-height-default elementor-section-height-default\" data-id=\"b09fa58\" data-element_type=\"section\">\n\t\t\t\t\t\t<div class=\"elementor-container elementor-column-gap-default\">\n\t\t\t\t\t<div class=\"elementor-column elementor-col-100 elementor-top-column elementor-element elementor-element-7796869\" data-id=\"7796869\" data-element_type=\"column\">\n\t\t\t<div class=\"elementor-widget-wrap elementor-element-populated\">\n\t\t\t\t\t\t\t\t<div class=\"elementor-element elementor-element-1047b18 elementor-widget elementor-widget-text-editor\" data-id=\"1047b18\" data-element_type=\"widget\" data-widget_type=\"text-editor.default\">\n\t\t\t\t<div class=\"elementor-widget-container\">\n\t\t\t\t\t\t\t<p style=\"padding-left: 80px;\"><a href=\"https:\/\/www.portugal.gov.pt\/pt\/gc21\/area-de-governo\" target=\"_blank\" rel=\"noopener\">Minist\u00e9rio da Educa\u00e7\u00e3o<\/a><\/p><p>\u00a0 \u00a0 \u00a0 \u00a0 \u00a0 \u00a0 \u00a0 \u00a0 \u00a0 \u00a0 \u00a0\u00a0<a href=\"https:\/\/agse.pt\/\" target=\"_blank\" rel=\"noopener\">Ag\u00eancia para a Gest\u00e3o do Sistema Educativo (AGSE)<\/a><\/p><p style=\"padding-left: 120px;\"><a href=\"https:\/\/sigrhe.dgae.mec.pt\" target=\"_blank\" rel=\"noopener\">Sistema Integrado de Gest\u00e3o dos Recursos Humanos da Educa\u00e7\u00e3o<\/a><\/p><p style=\"padding-left: 80px;\"><a href=\"https:\/\/eduqa.pt\/\" target=\"_blank\" rel=\"noopener\">EduQA &#8211; Instituto de Educa\u00e7\u00e3o, Qualidade e Avalia\u00e7\u00e3o<\/a><\/p><p style=\"padding-left: 120px;\"><a href=\"https:\/\/formacao.dge.min-educ.pt\" target=\"_blank\" rel=\"noopener\">Portal da Forma\u00e7\u00e3o<\/a><\/p><p style=\"padding-left: 80px;\"><a href=\"http:\/\/www.rbe.mec.pt\" target=\"_blank\" rel=\"noopener\">Rede de Bibliotecas Escolares<\/a><\/p><p style=\"padding-left: 80px;\"><a href=\"http:\/\/erte.dge.mec.pt\/\" target=\"_blank\" rel=\"noopener\">Equipa de Recursos e Tecnologias Educativas<\/a><\/p><p style=\"padding-left: 80px;\"><a href=\"http:\/\/www.pnl2027.gov.pt\/np4\/home\" target=\"_blank\" rel=\"noopener\">Plano Nacional de Leitura<\/a><\/p><p style=\"padding-left: 80px;\"><a href=\"http:\/\/www.ccpfc.uminho.pt\/\" target=\"_blank\" rel=\"noopener\">Conselho Cient\u00edfico-Pedag\u00f3gico da Forma\u00e7\u00e3o Cont\u00ednua<\/a><\/p><p style=\"padding-left: 80px;\"><a href=\"http:\/\/www.e-processos.ccpfc.uminho.pt\" target=\"_blank\" rel=\"noopener\">Plataforma e-Processos<\/a><\/p><p style=\"padding-left: 80px;\"><a href=\"https:\/\/balcaofundosue.pt\" target=\"_blank\" rel=\"noopener\">Balc\u00e3o dos Fundos<\/a><\/p><p style=\"padding-left: 80px;\"><a href=\"https:\/\/memoriascfae.pt\/\" target=\"_blank\" rel=\"noopener\">Mem\u00f3ria dos CFAE<\/a><\/p>\t\t\t\t\t\t<\/div>\n\t\t\t\t<\/div>\n\t\t\t\t\t<\/div>\n\t\t<\/div>\n\t\t\t\t\t\t\t<\/div>\n\t\t<\/section>\n\t\t\t\t<section class=\"elementor-section elementor-top-section elementor-element elementor-element-ef99403 elementor-section-boxed elementor-section-height-default elementor-section-height-default\" data-id=\"ef99403\" data-element_type=\"section\">\n\t\t\t\t\t\t<div class=\"elementor-container elementor-column-gap-default\">\n\t\t\t\t\t<div class=\"elementor-column elementor-col-100 elementor-top-column elementor-element elementor-element-1d93b99\" data-id=\"1d93b99\" data-element_type=\"column\">\n\t\t\t<div class=\"elementor-widget-wrap elementor-element-populated\">\n\t\t\t\t\t\t\t\t<div class=\"elementor-element elementor-element-0a38f76 elementor-widget elementor-widget-heading\" data-id=\"0a38f76\" data-element_type=\"widget\" data-widget_type=\"heading.default\">\n\t\t\t\t<div class=\"elementor-widget-container\">\n\t\t\t<h2 class=\"elementor-heading-title elementor-size-large\">Agrupamentos Associados<\/h2>\t\t<\/div>\n\t\t\t\t<\/div>\n\t\t\t\t\t<\/div>\n\t\t<\/div>\n\t\t\t\t\t\t\t<\/div>\n\t\t<\/section>\n\t\t\t\t<section class=\"elementor-section elementor-top-section elementor-element elementor-element-36d4733 elementor-section-boxed elementor-section-height-default elementor-section-height-default\" data-id=\"36d4733\" data-element_type=\"section\">\n\t\t\t\t\t\t<div class=\"elementor-container elementor-column-gap-default\">\n\t\t\t\t\t<div class=\"elementor-column elementor-col-100 elementor-top-column elementor-element elementor-element-28a41d0\" data-id=\"28a41d0\" data-element_type=\"column\">\n\t\t\t<div class=\"elementor-widget-wrap elementor-element-populated\">\n\t\t\t\t\t\t\t\t<div class=\"elementor-element elementor-element-1607cd5 elementor-widget elementor-widget-text-editor\" data-id=\"1607cd5\" data-element_type=\"widget\" data-widget_type=\"text-editor.default\">\n\t\t\t\t<div class=\"elementor-widget-container\">\n\t\t\t\t\t\t\t<p style=\"padding-left: 80px;\"><a href=\"http:\/\/www.soaresbasto.pt\" target=\"_blank\" rel=\"noopener\">Soares Basto<\/a> (Escola Sede)<\/p><p style=\"padding-left: 80px;\"><a href=\"http:\/\/www.agesc-arouca.pt\/agrupamento\/\" target=\"_blank\" rel=\"noopener\">Arouca<\/a> [<a href=\"https:\/\/www.google.com\/maps\/d\/viewer?mid=1FntyY1Ls6M1l5FyPjXjyYV6_YYo&amp;ll=40.93078999559758%2C-8.23415501639397&amp;z=13\" target=\"_blank\" rel=\"noopener\">Estabelecimentos do Agrupamento<\/a>]<\/p><p style=\"padding-left: 80px;\"><a href=\"http:\/\/www.aebuzio.pt\" target=\"_blank\" rel=\"noopener\">B\u00fazio<\/a>\u00a0 [<a href=\"https:\/\/sites.google.com\/aebuzio.pt\/padde-ae-buzio\/p%C3%A1gina-inicial\" target=\"_blank\" rel=\"noopener\">Reposit\u00f3rio Digital<\/a>]<\/p><p style=\"padding-left: 80px;\"><a href=\"http:\/\/www.aeferreiradasilva.org\" target=\"_blank\" rel=\"noopener\">Dr. Ferreira da Silva<\/a><\/p><p style=\"padding-left: 80px;\"><a href=\"http:\/\/www.agrupamento-fajoes.pt\" target=\"_blank\" rel=\"noopener\">Faj\u00f5es<\/a><\/p><p style=\"padding-left: 80px;\"><a href=\"https:\/\/www.aefcastro.net\/portal\/\" target=\"_blank\" rel=\"noopener\">Ferreira de Castro<\/a><\/p><p style=\"padding-left: 80px;\"><a href=\"http:\/\/www.aelpb.pt\" target=\"_blank\" rel=\"noopener\">Loureiro<\/a><\/p>\t\t\t\t\t\t<\/div>\n\t\t\t\t<\/div>\n\t\t\t\t\t<\/div>\n\t\t<\/div>\n\t\t\t\t\t\t\t<\/div>\n\t\t<\/section>\n\t\t\t\t<section class=\"elementor-section elementor-top-section elementor-element elementor-element-4675f47 elementor-section-boxed elementor-section-height-default elementor-section-height-default\" data-id=\"4675f47\" data-element_type=\"section\">\n\t\t\t\t\t\t<div class=\"elementor-container elementor-column-gap-default\">\n\t\t\t\t\t<div class=\"elementor-column elementor-col-100 elementor-top-column elementor-element elementor-element-0b0bf4d\" data-id=\"0b0bf4d\" data-element_type=\"column\">\n\t\t\t<div class=\"elementor-widget-wrap elementor-element-populated\">\n\t\t\t\t\t\t\t\t<div class=\"elementor-element elementor-element-86b5626 elementor-widget elementor-widget-heading\" data-id=\"86b5626\" data-element_type=\"widget\" data-widget_type=\"heading.default\">\n\t\t\t\t<div class=\"elementor-widget-container\">\n\t\t\t<h2 class=\"elementor-heading-title elementor-size-large\">Autarquias Locais<\/h2>\t\t<\/div>\n\t\t\t\t<\/div>\n\t\t\t\t\t<\/div>\n\t\t<\/div>\n\t\t\t\t\t\t\t<\/div>\n\t\t<\/section>\n\t\t\t\t<section class=\"elementor-section elementor-top-section elementor-element elementor-element-24e59b8 elementor-section-boxed elementor-section-height-default elementor-section-height-default\" data-id=\"24e59b8\" data-element_type=\"section\">\n\t\t\t\t\t\t<div class=\"elementor-container elementor-column-gap-default\">\n\t\t\t\t\t<div class=\"elementor-column elementor-col-100 elementor-top-column elementor-element elementor-element-727b919\" data-id=\"727b919\" data-element_type=\"column\">\n\t\t\t<div class=\"elementor-widget-wrap elementor-element-populated\">\n\t\t\t\t\t\t\t\t<div class=\"elementor-element elementor-element-0b60792 elementor-widget elementor-widget-text-editor\" data-id=\"0b60792\" data-element_type=\"widget\" data-widget_type=\"text-editor.default\">\n\t\t\t\t<div class=\"elementor-widget-container\">\n\t\t\t\t\t\t\t<p style=\"padding-left: 80px;\"><a href=\"https:\/\/www.cm-arouca.pt\/\" target=\"_blank\" rel=\"noopener\">Munic\u00edpio de Arouca<\/a><\/p><p style=\"padding-left: 80px;\"><a href=\"http:\/\/www.cm-valedecambra.pt\" target=\"_blank\" rel=\"noopener\">Munic\u00edpio de Vale de Cambra<\/a><\/p><p style=\"padding-left: 80px;\"><a href=\"http:\/\/www.cm-oaz.pt\" target=\"_blank\" rel=\"noopener\">Munic\u00edpio de Oliveira de Azem\u00e9is<\/a><\/p>\t\t\t\t\t\t<\/div>\n\t\t\t\t<\/div>\n\t\t\t\t\t<\/div>\n\t\t<\/div>\n\t\t\t\t\t\t\t<\/div>\n\t\t<\/section>\n\t\t\t\t\t\t\t<\/div>\n\t\t","protected":false},"excerpt":{"rendered":"<p>Liga\u00e7\u00f5es \u00dateis Servi\u00e7os Centrais Minist\u00e9rio da Educa\u00e7\u00e3o \u00a0 \u00a0 \u00a0 \u00a0 \u00a0 \u00a0 \u00a0 \u00a0 \u00a0 \u00a0 \u00a0\u00a0Ag\u00eancia para a Gest\u00e3o do Sistema Educativo (AGSE) Sistema Integrado de Gest\u00e3o dos<\/p>\n","protected":false},"author":1,"featured_media":0,"parent":0,"menu_order":0,"comment_status":"closed","ping_status":"closed","template":"","meta":{"footnotes":""},"class_list":["post-12522","page","type-page","status-publish"],"_links":{"self":[{"href":"https:\/\/cfaeavcoa.net\/wp\/index.php?rest_route=\/wp\/v2\/pages\/12522","targetHints":{"allow":["GET"]}}],"collection":[{"href":"https:\/\/cfaeavcoa.net\/wp\/index.php?rest_route=\/wp\/v2\/pages"}],"about":[{"href":"https:\/\/cfaeavcoa.net\/wp\/index.php?rest_route=\/wp\/v2\/types\/page"}],"author":[{"embeddable":true,"href":"https:\/\/cfaeavcoa.net\/wp\/index.php?rest_route=\/wp\/v2\/users\/1"}],"replies":[{"embeddable":true,"href":"https:\/\/cfaeavcoa.net\/wp\/index.php?rest_route=%2Fwp%2Fv2%2Fcomments&post=12522"}],"version-history":[{"count":76,"href":"https:\/\/cfaeavcoa.net\/wp\/index.php?rest_route=\/wp\/v2\/pages\/12522\/revisions"}],"predecessor-version":[{"id":13999,"href":"https:\/\/cfaeavcoa.net\/wp\/index.php?rest_route=\/wp\/v2\/pages\/12522\/revisions\/13999"}],"wp:attachment":[{"href":"https:\/\/cfaeavcoa.net\/wp\/index.php?rest_route=%2Fwp%2Fv2%2Fmedia&parent=12522"}],"curies":[{"name":"wp","href":"https:\/\/api.w.org\/{rel}","templated":true}]}}