{"id":12976,"date":"2021-05-25T14:06:59","date_gmt":"2021-05-25T14:06:59","guid":{"rendered":"https:\/\/cfaeavcoa.net\/wp\/?page_id=12976"},"modified":"2023-04-22T10:58:56","modified_gmt":"2023-04-22T10:58:56","slug":"documentos-gerais","status":"publish","type":"page","link":"https:\/\/cfaeavcoa.net\/wp\/?page_id=12976","title":{"rendered":"Documentos Gerais"},"content":{"rendered":"\t\t<div data-elementor-type=\"wp-page\" data-elementor-id=\"12976\" class=\"elementor elementor-12976\">\n\t\t\t\t\t\t\t\t\t<section class=\"elementor-section elementor-top-section elementor-element elementor-element-bf286f2 elementor-section-boxed elementor-section-height-default elementor-section-height-default\" data-id=\"bf286f2\" data-element_type=\"section\">\n\t\t\t\t\t\t<div class=\"elementor-container elementor-column-gap-default\">\n\t\t\t\t\t<div class=\"elementor-column elementor-col-100 elementor-top-column elementor-element elementor-element-a0fd41c\" data-id=\"a0fd41c\" data-element_type=\"column\">\n\t\t\t<div class=\"elementor-widget-wrap elementor-element-populated\">\n\t\t\t\t\t\t\t\t<div class=\"elementor-element elementor-element-04b7626 elementor-widget elementor-widget-heading\" data-id=\"04b7626\" data-element_type=\"widget\" data-widget_type=\"heading.default\">\n\t\t\t\t<div class=\"elementor-widget-container\">\n\t\t\t<h1 class=\"elementor-heading-title elementor-size-xl\">Documentos Gerais<\/h1>\t\t<\/div>\n\t\t\t\t<\/div>\n\t\t\t\t\t<\/div>\n\t\t<\/div>\n\t\t\t\t\t\t\t<\/div>\n\t\t<\/section>\n\t\t\t\t<section class=\"elementor-section elementor-top-section elementor-element elementor-element-0bedfd7 elementor-section-boxed elementor-section-height-default elementor-section-height-default\" data-id=\"0bedfd7\" data-element_type=\"section\">\n\t\t\t\t\t\t<div class=\"elementor-container elementor-column-gap-default\">\n\t\t\t\t\t<div class=\"elementor-column elementor-col-100 elementor-top-column elementor-element elementor-element-642e40e\" data-id=\"642e40e\" data-element_type=\"column\">\n\t\t\t<div class=\"elementor-widget-wrap elementor-element-populated\">\n\t\t\t\t\t\t\t\t<div class=\"elementor-element elementor-element-223c25e elementor-widget elementor-widget-heading\" data-id=\"223c25e\" data-element_type=\"widget\" data-widget_type=\"heading.default\">\n\t\t\t\t<div class=\"elementor-widget-container\">\n\t\t\t<h2 class=\"elementor-heading-title elementor-size-large\">Legisla\u00e7\u00e3o e Documentos Gerais<\/h2>\t\t<\/div>\n\t\t\t\t<\/div>\n\t\t\t\t\t<\/div>\n\t\t<\/div>\n\t\t\t\t\t\t\t<\/div>\n\t\t<\/section>\n\t\t\t\t<section class=\"elementor-section elementor-top-section elementor-element elementor-element-bbada26 elementor-section-boxed elementor-section-height-default elementor-section-height-default\" data-id=\"bbada26\" data-element_type=\"section\">\n\t\t\t\t\t\t<div class=\"elementor-container elementor-column-gap-default\">\n\t\t\t\t\t<div class=\"elementor-column elementor-col-100 elementor-top-column elementor-element elementor-element-7e77f1d\" data-id=\"7e77f1d\" data-element_type=\"column\">\n\t\t\t<div class=\"elementor-widget-wrap elementor-element-populated\">\n\t\t\t\t\t\t\t\t<div class=\"elementor-element elementor-element-89ea8e0 elementor-widget elementor-widget-text-editor\" data-id=\"89ea8e0\" data-element_type=\"widget\" data-widget_type=\"text-editor.default\">\n\t\t\t\t<div class=\"elementor-widget-container\">\n\t\t\t\t\t\t\t<p style=\"padding-left: 80px;\"><a href=\"https:\/\/dre.pt\/web\/guest\/legislacao-consolidada\/-\/lc\/70328402\/202106041417\/70486655\/diplomaExpandido\">Lei de Bases do Sistema Educativo<\/a><\/p><p style=\"padding-left: 80px;\"><a href=\"https:\/\/dre.pt\/web\/guest\/legislacao-consolidada\/-\/lc\/117104379\/202106041418\/74159344\/diplomaExpandido?p_p_state=maximized\">Estatuto da Carreira dos Educadores de Inf\u00e2ncia e Professores dos Ensinos B\u00e1sico e Secund\u00e1rio<\/a><\/p><p style=\"padding-left: 80px;\"><a href=\"https:\/\/data.dre.pt\/eli\/dec-lei\/54\/2018\/07\/06\/p\/dre\/pt\/html\">Regime Jur\u00eddico da Educa\u00e7\u00e3o inclusiva<\/a> &#8211; Decreto-Lei n.\u00ba 54\/2018<\/p><p style=\"padding-left: 80px;\"><a href=\"https:\/\/data.dre.pt\/eli\/dec-lei\/55\/2018\/07\/06\/p\/dre\/pt\/html\">Curr\u00edculos dos Ensinos B\u00e1sico e Secund\u00e1rio<\/a> &#8211; Decreto-Lei n.\u00ba 55\/2018<\/p><p style=\"padding-left: 80px;\"><a href=\"https:\/\/cfaeavcoa.net\/wp\/wp-content\/uploads\/2021\/06\/perfil_dos_alunos.pdf\" target=\"_blank\" rel=\"noopener\">Perfil do Aluno \u00e0 sa\u00edda da Escolaridade Obrigat\u00f3ria<\/a><em><span style=\"text-decoration: underline;\"><br \/><\/span><\/em><\/p><p style=\"padding-left: 80px;\"><a href=\"https:\/\/cfaeavcoa.net\/wp\/wp-content\/uploads\/2021\/06\/estrategia_cidadania_original.pdf\" target=\"_blank\" rel=\"noopener\">Estrat\u00e9gia Nacional de Educa\u00e7\u00e3o para a Cidadania<\/a><\/p>\t\t\t\t\t\t<\/div>\n\t\t\t\t<\/div>\n\t\t\t\t\t<\/div>\n\t\t<\/div>\n\t\t\t\t\t\t\t<\/div>\n\t\t<\/section>\n\t\t\t\t<section class=\"elementor-section elementor-top-section elementor-element elementor-element-214b946 elementor-section-boxed elementor-section-height-default elementor-section-height-default\" data-id=\"214b946\" data-element_type=\"section\">\n\t\t\t\t\t\t<div class=\"elementor-container elementor-column-gap-default\">\n\t\t\t\t\t<div class=\"elementor-column elementor-col-100 elementor-top-column elementor-element elementor-element-8d62a06\" data-id=\"8d62a06\" data-element_type=\"column\">\n\t\t\t<div class=\"elementor-widget-wrap elementor-element-populated\">\n\t\t\t\t\t\t\t\t<div class=\"elementor-element elementor-element-37c4a73 elementor-widget elementor-widget-heading\" data-id=\"37c4a73\" data-element_type=\"widget\" data-widget_type=\"heading.default\">\n\t\t\t\t<div class=\"elementor-widget-container\">\n\t\t\t<h2 class=\"elementor-heading-title elementor-size-large\">Avalia\u00e7\u00e3o Docente<\/h2>\t\t<\/div>\n\t\t\t\t<\/div>\n\t\t\t\t\t<\/div>\n\t\t<\/div>\n\t\t\t\t\t\t\t<\/div>\n\t\t<\/section>\n\t\t\t\t<section class=\"elementor-section elementor-top-section elementor-element elementor-element-e4c6794 elementor-section-boxed elementor-section-height-default elementor-section-height-default\" data-id=\"e4c6794\" data-element_type=\"section\">\n\t\t\t\t\t\t<div class=\"elementor-container elementor-column-gap-default\">\n\t\t\t\t\t<div class=\"elementor-column elementor-col-100 elementor-top-column elementor-element elementor-element-c762d31\" data-id=\"c762d31\" data-element_type=\"column\">\n\t\t\t<div class=\"elementor-widget-wrap elementor-element-populated\">\n\t\t\t\t\t\t\t\t<div class=\"elementor-element elementor-element-119db89 elementor-widget elementor-widget-text-editor\" data-id=\"119db89\" data-element_type=\"widget\" data-widget_type=\"text-editor.default\">\n\t\t\t\t<div class=\"elementor-widget-container\">\n\t\t\t\t\t\t\t<p style=\"padding-left: 80px;\"><a href=\"https:\/\/dre.pt\/pesquisa\/-\/search\/542995\/details\/maximized\">Avalia\u00e7\u00e3o do Desempenho Docente<\/a> &#8211; Decreto Regulamentar 26\/2012<\/p><p style=\"padding-left: 80px;\"><a href=\"https:\/\/dre.pt\/web\/guest\/pesquisa\/-\/search\/3293885\/details\/maximized?jp=true\">Constitui\u00e7\u00e3o da Bolsa de Avaliadores Externos<\/a> &#8211; Despacho Normativo n.\u00ba 24\/2012<\/p><p style=\"padding-left: 80px;\"><a href=\"https:\/\/dre.pt\/web\/guest\/pesquisa\/-\/search\/3293884\/details\/normal?q=Despacho+n.%C2%BA%2013981%2F2012\">Par\u00e2metros nacionais de classifica\u00e7\u00e3o das aulas observadas<\/a> &#8211; Despacho n.\u00ba 13981\/2012<\/p><p style=\"padding-left: 80px;\"><a href=\"https:\/\/dre.pt\/pesquisa\/-\/search\/1584033\/details\/normal\">Universos e determina\u00e7\u00e3o dos percentis<\/a> &#8211; Despacho n.\u00ba 12567\/2012<\/p><p style=\"padding-left: 80px;\"><a href=\"https:\/\/dre.pt\/home\/-\/dre\/115221287\/details\/maximized\">Reposicionamento na Carreira Docente<\/a> &#8211; Portaria n.\u00ba 119\/2018<\/p><p style=\"padding-left: 80px;\"><a href=\"https:\/\/dre.pt\/pesquisa\/-\/search\/162199941\/details\/maximized\">Adequa\u00e7\u00e3o dos prazos do ciclo avaliativo<\/a> &#8211; Despacho n.\u00ba 4272-A\/2021<\/p><p style=\"padding-left: 80px;\"><a href=\"https:\/\/cfaeavcoa.net\/wp\/wp-content\/uploads\/2021\/05\/Regulamento_BAE.pdf\" target=\"_blank\" rel=\"noopener\" data-saferedirecturl=\"https:\/\/www.google.com\/url?q=https:\/\/cfaeavcoa.net\/wp\/wp-content\/uploads\/2021\/05\/Regulamento_BAE.pdf&amp;source=gmail&amp;ust=1623766114362000&amp;usg=AFQjCNE2dQjsy7l6i9lZX7IRwMPwHIzSBg\">Regulamento da BAE do CFAE AVCOA<\/a><\/p><p style=\"padding-left: 80px;\"><a href=\"https:\/\/cfaeavcoa.net\/wp\/wp-content\/uploads\/2021\/05\/Regulamento_OA_Reposicionamento.pdf\" target=\"_blank\" rel=\"noopener\" data-saferedirecturl=\"https:\/\/www.google.com\/url?q=https:\/\/cfaeavcoa.net\/wp\/wp-content\/uploads\/2021\/05\/Regulamento_OA_Reposicionamento.pdf&amp;source=gmail&amp;ust=1623766114362000&amp;usg=AFQjCNEQDTOLDVuyndn1qO0O7PHaGjflCg\">Regulamento da Observa\u00e7\u00e3o de Aulas \u2013 Reposicionamento<\/a><\/p>\t\t\t\t\t\t<\/div>\n\t\t\t\t<\/div>\n\t\t\t\t\t<\/div>\n\t\t<\/div>\n\t\t\t\t\t\t\t<\/div>\n\t\t<\/section>\n\t\t\t\t<section class=\"elementor-section elementor-top-section elementor-element elementor-element-df7a08d elementor-section-boxed elementor-section-height-default elementor-section-height-default\" data-id=\"df7a08d\" data-element_type=\"section\">\n\t\t\t\t\t\t<div class=\"elementor-container elementor-column-gap-default\">\n\t\t\t\t\t<div class=\"elementor-column elementor-col-100 elementor-top-column elementor-element elementor-element-148a9a3\" data-id=\"148a9a3\" data-element_type=\"column\">\n\t\t\t<div class=\"elementor-widget-wrap elementor-element-populated\">\n\t\t\t\t\t\t\t\t<div class=\"elementor-element elementor-element-af6bc81 elementor-widget elementor-widget-heading\" data-id=\"af6bc81\" data-element_type=\"widget\" data-widget_type=\"heading.default\">\n\t\t\t\t<div class=\"elementor-widget-container\">\n\t\t\t<h2 class=\"elementor-heading-title elementor-size-large\">Forma\u00e7\u00e3o<\/h2>\t\t<\/div>\n\t\t\t\t<\/div>\n\t\t\t\t\t<\/div>\n\t\t<\/div>\n\t\t\t\t\t\t\t<\/div>\n\t\t<\/section>\n\t\t\t\t<section class=\"elementor-section elementor-top-section elementor-element elementor-element-7f3cce8 elementor-section-boxed elementor-section-height-default elementor-section-height-default\" data-id=\"7f3cce8\" data-element_type=\"section\">\n\t\t\t\t\t\t<div class=\"elementor-container elementor-column-gap-default\">\n\t\t\t\t\t<div class=\"elementor-column elementor-col-100 elementor-top-column elementor-element elementor-element-c511c57\" data-id=\"c511c57\" data-element_type=\"column\">\n\t\t\t<div class=\"elementor-widget-wrap elementor-element-populated\">\n\t\t\t\t\t\t\t\t<div class=\"elementor-element elementor-element-8d26280 elementor-widget elementor-widget-text-editor\" data-id=\"8d26280\" data-element_type=\"widget\" data-widget_type=\"text-editor.default\">\n\t\t\t\t<div class=\"elementor-widget-container\">\n\t\t\t\t\t\t\t<p style=\"padding-left: 80px;\"><a href=\"https:\/\/dre.pt\/web\/guest\/legislacao-consolidada\/-\/lc\/122826482\/202106041436\/73725254\/diplomaExpandido?p_p_state=maximized\">Regime Jur\u00eddico da forma\u00e7\u00e3o cont\u00ednua de professores<\/a> &#8211; Decreto-Lei n.\u00ba 22\/2014<\/p><p style=\"padding-left: 80px;\"><a href=\"https:\/\/dre.pt\/home\/-\/dre\/69736208\/details\/maximized\">Regras de constitui\u00e7\u00e3o e funcionamento dos CFAE<\/a> &#8211; Decreto-Lei n.\u00ba 127\/2015<\/p><p style=\"padding-left: 80px;\"><a href=\"https:\/\/dre.pt\/home\/-\/dre\/67344513\/details\/maximized\">Reconhecimento e certifica\u00e7\u00e3o das a\u00e7\u00f5es de forma\u00e7\u00e3o de curta dura\u00e7\u00e3o<\/a> &#8211; Despacho n.\u00ba 5741\/2015\u00a0<\/p><p style=\"padding-left: 80px;\"><a href=\"https:\/\/dre.pt\/home\/-\/dre\/117982365\/details\/maximized\">Prioridades da Forma\u00e7\u00e3o cont\u00ednua de docentes<\/a> &#8211; Despacho n.\u00ba 779\/2019\u00a0<\/p><p style=\"padding-left: 80px;\"><a href=\"https:\/\/dre.pt\/web\/guest\/pesquisa\/-\/search\/158215121\/details\/normal?q=Despacho+n.%C2%BA%202053%2F2021\">Segunda altera\u00e7\u00e3o do Despacho n.\u00ba 779\/2019, de 18 de janeiro<\/a> &#8211; Despacho n.\u00ba 2053\/2021<br \/><br \/><a href=\"https:\/\/cfaeavcoa.net\/wp\/wp-content\/uploads\/2023\/04\/Despacho-n.o-4840.2023.pdf\" target=\"_blank\" rel=\"noopener\">Terceira altera\u00e7\u00e3o do Despacho n.\u00ba 779\/2019, de 18 de janeiro &#8211; Despacho 4840\/2023<\/a><\/p><p>\u00a0<\/p><p style=\"padding-left: 80px;\"><a href=\"https:\/\/cfaeavcoa.net\/wp\/wp-content\/uploads\/2021\/06\/Reg_Mod_Form.pdf\" target=\"_blank\" rel=\"noopener\">Regulamento das Modalidades de Forma\u00e7\u00e3o<\/a><\/p>\t\t\t\t\t\t<\/div>\n\t\t\t\t<\/div>\n\t\t\t\t\t<\/div>\n\t\t<\/div>\n\t\t\t\t\t\t\t<\/div>\n\t\t<\/section>\n\t\t\t\t\t\t\t<\/div>\n\t\t","protected":false},"excerpt":{"rendered":"<p>Documentos Gerais Legisla\u00e7\u00e3o e Documentos Gerais Lei de Bases do Sistema Educativo Estatuto da Carreira dos Educadores de Inf\u00e2ncia e Professores dos Ensinos B\u00e1sico e Secund\u00e1rio Regime Jur\u00eddico da Educa\u00e7\u00e3o<\/p>\n","protected":false},"author":1,"featured_media":0,"parent":0,"menu_order":0,"comment_status":"closed","ping_status":"closed","template":"","meta":{"footnotes":""},"class_list":["post-12976","page","type-page","status-publish"],"_links":{"self":[{"href":"https:\/\/cfaeavcoa.net\/wp\/index.php?rest_route=\/wp\/v2\/pages\/12976","targetHints":{"allow":["GET"]}}],"collection":[{"href":"https:\/\/cfaeavcoa.net\/wp\/index.php?rest_route=\/wp\/v2\/pages"}],"about":[{"href":"https:\/\/cfaeavcoa.net\/wp\/index.php?rest_route=\/wp\/v2\/types\/page"}],"author":[{"embeddable":true,"href":"https:\/\/cfaeavcoa.net\/wp\/index.php?rest_route=\/wp\/v2\/users\/1"}],"replies":[{"embeddable":true,"href":"https:\/\/cfaeavcoa.net\/wp\/index.php?rest_route=%2Fwp%2Fv2%2Fcomments&post=12976"}],"version-history":[{"count":22,"href":"https:\/\/cfaeavcoa.net\/wp\/index.php?rest_route=\/wp\/v2\/pages\/12976\/revisions"}],"predecessor-version":[{"id":13603,"href":"https:\/\/cfaeavcoa.net\/wp\/index.php?rest_route=\/wp\/v2\/pages\/12976\/revisions\/13603"}],"wp:attachment":[{"href":"https:\/\/cfaeavcoa.net\/wp\/index.php?rest_route=%2Fwp%2Fv2%2Fmedia&parent=12976"}],"curies":[{"name":"wp","href":"https:\/\/api.w.org\/{rel}","templated":true}]}}