{"id":8754,"date":"2016-03-14T14:33:38","date_gmt":"2016-03-14T14:33:38","guid":{"rendered":"http:\/\/brooklyn.fatmoon.kinsta.com\/?page_id=2"},"modified":"2025-11-13T15:58:53","modified_gmt":"2025-11-13T15:58:53","slug":"inicio","status":"publish","type":"page","link":"https:\/\/cfaeavcoa.net\/wp\/","title":{"rendered":"In\u00edcio"},"content":{"rendered":"\t\t<div data-elementor-type=\"wp-post\" data-elementor-id=\"8754\" class=\"elementor elementor-8754\">\n\t\t\t\t\t\t\t\t\t<section class=\"elementor-section elementor-top-section elementor-element elementor-element-a0bb184 elementor-section-stretched elementor-section-full_width elementor-section-height-default elementor-section-height-default\" data-id=\"a0bb184\" data-element_type=\"section\" data-settings=\"{&quot;stretch_section&quot;:&quot;section-stretched&quot;}\">\n\t\t\t\t\t\t<div class=\"elementor-container elementor-column-gap-no\">\n\t\t\t\t\t<div class=\"elementor-column elementor-col-100 elementor-top-column elementor-element elementor-element-24ed172\" data-id=\"24ed172\" data-element_type=\"column\">\n\t\t\t<div class=\"elementor-widget-wrap elementor-element-populated\">\n\t\t\t\t\t\t\t\t<div class=\"elementor-element elementor-element-5520b2d elementor-widget elementor-widget-a13fe-slider\" data-id=\"5520b2d\" data-element_type=\"widget\" data-widget_type=\"a13fe-slider.default\">\n\t\t\t\t<div class=\"elementor-widget-container\">\n\t\t\t<div class=\"a13-slider-stuff\" data-autoplay=\"on\" data-transition=\"3\" data-fit_variant=\"4\" data-pattern=\"2\" data-gradient=\"on\" data-ken_burns_scale=\"106%\" data-texts=\"on\" data-title_color=\"\" data-transition_time=\"600\" data-slide_interval=\"7000\" data-thumbs=\"on\" data-thumbs_on_load=\"off\" data-socials=\"off\" data-window_high=\"on\" data-main_slider=\"off\" data-ratio=\"16\/9\">\t    <ul class=\"gallery-media-collection screen-reader-text\">\n\t\t\t\t<li class=\"gallery-item type-image subtype-jpeg\" data-id=\"12505\" data-ratio_x=\"1\" data-bg_color=\"\" data-alt_attr=\"\" data-main-image=\"https:\/\/cfaeavcoa.net\/wp\/wp-content\/uploads\/2017\/01\/01c-Detrelo-da-Malhada-scaled.jpg\" data-brick_image=\"https:\/\/cfaeavcoa.net\/wp\/wp-content\/uploads\/apollo13_images\/01c-Detrelo-da-Malhada-scaled-73paeloiguhp3ycicdbyq6i1bm2ymztrsm.jpg\" data-thumb=\"https:\/\/cfaeavcoa.net\/wp\/wp-content\/uploads\/2017\/01\/01c-Detrelo-da-Malhada-150x150.jpg\" data-link_target=\"0\">\n\t\t<a class=\"item__link\" href=\"https:\/\/cfaeavcoa.net\/wp\/wp-content\/uploads\/2017\/01\/01c-Detrelo-da-Malhada-scaled.jpg\">Arouca<\/a>\n\t\t\t\t\t<div id=\"item-desc-1\" class=\"item-desc\"><\/div>\n\t\t\t<\/li>\n\t<li class=\"gallery-item type-image subtype-jpeg\" data-id=\"12506\" data-ratio_x=\"1\" data-bg_color=\"\" data-alt_attr=\"\" data-main-image=\"https:\/\/cfaeavcoa.net\/wp\/wp-content\/uploads\/2017\/01\/02b-CIDADE_JARDIM_FEIRA_DOS_OVOS-scaled.jpg\" data-brick_image=\"https:\/\/cfaeavcoa.net\/wp\/wp-content\/uploads\/apollo13_images\/02b-CIDADE_JARDIM_FEIRA_DOS_OVOS-scaled-73paenjc4d1k4f6wkf5i315q51xdzxjipm.jpg\" data-thumb=\"https:\/\/cfaeavcoa.net\/wp\/wp-content\/uploads\/2017\/01\/02b-CIDADE_JARDIM_FEIRA_DOS_OVOS-150x150.jpg\" data-link_target=\"0\">\n\t\t<a class=\"item__link\" href=\"https:\/\/cfaeavcoa.net\/wp\/wp-content\/uploads\/2017\/01\/02b-CIDADE_JARDIM_FEIRA_DOS_OVOS-scaled.jpg\">Vale de Cambra<\/a>\n\t\t\t\t\t<div id=\"item-desc-2\" class=\"item-desc\"><\/div>\n\t\t\t<\/li>\n\t<li class=\"gallery-item type-image subtype-jpeg\" data-id=\"12925\" data-ratio_x=\"1\" data-bg_color=\"\" data-alt_attr=\"\" data-main-image=\"https:\/\/cfaeavcoa.net\/wp\/wp-content\/uploads\/2017\/01\/P1050480.jpg\" data-brick_image=\"https:\/\/cfaeavcoa.net\/wp\/wp-content\/uploads\/apollo13_images\/P1050480-73sm3xxsxbjf855g27gj54m8u49otm1h66.jpg\" data-thumb=\"https:\/\/cfaeavcoa.net\/wp\/wp-content\/uploads\/2017\/01\/P1050480-150x150.jpg\" data-link_target=\"0\">\n\t\t<a class=\"item__link\" href=\"https:\/\/cfaeavcoa.net\/wp\/wp-content\/uploads\/2017\/01\/P1050480.jpg\">Oliveira de Azem\u00e9is<\/a>\n\t\t\t\t\t<div id=\"item-desc-3\" class=\"item-desc\"><\/div>\n\t\t\t<\/li>\n\t\t<\/ul>\n\t    <\/div>\t\t<\/div>\n\t\t\t\t<\/div>\n\t\t\t\t<div class=\"elementor-element elementor-element-3b50ca8 elementor-widget elementor-widget-spacer\" data-id=\"3b50ca8\" data-element_type=\"widget\" data-widget_type=\"spacer.default\">\n\t\t\t\t<div class=\"elementor-widget-container\">\n\t\t\t\t\t<div class=\"elementor-spacer\">\n\t\t\t<div class=\"elementor-spacer-inner\"><\/div>\n\t\t<\/div>\n\t\t\t\t<\/div>\n\t\t\t\t<\/div>\n\t\t\t\t\t<\/div>\n\t\t<\/div>\n\t\t\t\t\t\t\t<\/div>\n\t\t<\/section>\n\t\t\t\t<section class=\"elementor-section elementor-top-section elementor-element elementor-element-5c632cc elementor-section-boxed elementor-section-height-default elementor-section-height-default\" data-id=\"5c632cc\" data-element_type=\"section\">\n\t\t\t\t\t\t<div class=\"elementor-container elementor-column-gap-default\">\n\t\t\t\t\t<div class=\"elementor-column elementor-col-100 elementor-top-column elementor-element elementor-element-9f0e994\" data-id=\"9f0e994\" data-element_type=\"column\">\n\t\t\t<div class=\"elementor-widget-wrap elementor-element-populated\">\n\t\t\t\t\t\t\t\t<div class=\"elementor-element elementor-element-9b214a7 elementor-widget elementor-widget-heading\" data-id=\"9b214a7\" data-element_type=\"widget\" data-widget_type=\"heading.default\">\n\t\t\t\t<div class=\"elementor-widget-container\">\n\t\t\t<h3 class=\"elementor-heading-title elementor-size-xl\">Quem Somos<\/h3>\t\t<\/div>\n\t\t\t\t<\/div>\n\t\t\t\t<div class=\"elementor-element elementor-element-9acc8cb elementor-widget elementor-widget-text-editor\" data-id=\"9acc8cb\" data-element_type=\"widget\" data-widget_type=\"text-editor.default\">\n\t\t\t\t<div class=\"elementor-widget-container\">\n\t\t\t\t\t\t\t<p><strong>\u00a0\u00a0\u00a0\u00a0 O Centro de Forma\u00e7\u00e3o de Professores, CFAE AVCOA &#8211; Centro de Forma\u00e7\u00e3o de Associa\u00e7\u00e3o de Escolas dos Concelhos de Arouca, Vale de Cambra e Oliveira de Azem\u00e9is<\/strong>, surge em 2008 com a extin\u00e7\u00e3o dos dois centros existentes at\u00e9 ent\u00e3o: CenForAz &#8211; Centro de Forma\u00e7\u00e3o de Oliveira de Azem\u00e9is; e o Centro de Forma\u00e7\u00e3o de Entre Paiva e Caima.<\/p><p>\u00a0\u00a0\u00a0\u00a0 Foi estruturado a partir do Despacho 18.039 de 2008, de 4 Julho, e foi constitu\u00eddo como <strong>CFAE AVCOA &#8211; Centro de Forma\u00e7\u00e3o de Associa\u00e7\u00e3o de Escolas de Arouca, Vale de Cambra e Oliveira de Azem\u00e9is\u00a0<\/strong>por Despacho da Directora Regional de Educa\u00e7\u00e3o do Norte em 21\u00a0Julho de 2008. Encontra-se sediado na Escola Secund\u00e1ria Soares Basto na Rua General Humberto Delgado, em Oliveira de Azem\u00e9is.<\/p><p>\u00a0\u00a0\u00a0\u00a0 Possui o c\u00f3digo de acredita\u00e7\u00e3o pelo Conselho Cient\u00edfico Pedag\u00f3gico da Forma\u00e7\u00e3o Cont\u00ednua\u00a0 <strong>CCPFC\/ENT-AE-1471\/23<\/strong>.<\/p>\t\t\t\t\t\t<\/div>\n\t\t\t\t<\/div>\n\t\t\t\t<div class=\"elementor-element elementor-element-782cb3d elementor-widget elementor-widget-spacer\" data-id=\"782cb3d\" data-element_type=\"widget\" data-widget_type=\"spacer.default\">\n\t\t\t\t<div class=\"elementor-widget-container\">\n\t\t\t\t\t<div class=\"elementor-spacer\">\n\t\t\t<div class=\"elementor-spacer-inner\"><\/div>\n\t\t<\/div>\n\t\t\t\t<\/div>\n\t\t\t\t<\/div>\n\t\t\t\t<div class=\"elementor-element elementor-element-5d81a82 elementor-widget-divider--view-line elementor-widget elementor-widget-divider\" data-id=\"5d81a82\" data-element_type=\"widget\" data-widget_type=\"divider.default\">\n\t\t\t\t<div class=\"elementor-widget-container\">\n\t\t\t\t\t<div class=\"elementor-divider\">\n\t\t\t<span class=\"elementor-divider-separator\">\n\t\t\t\t\t\t<\/span>\n\t\t<\/div>\n\t\t\t\t<\/div>\n\t\t\t\t<\/div>\n\t\t\t\t<div class=\"elementor-element elementor-element-98d1d31 elementor-widget elementor-widget-spacer\" data-id=\"98d1d31\" data-element_type=\"widget\" data-widget_type=\"spacer.default\">\n\t\t\t\t<div class=\"elementor-widget-container\">\n\t\t\t\t\t<div class=\"elementor-spacer\">\n\t\t\t<div class=\"elementor-spacer-inner\"><\/div>\n\t\t<\/div>\n\t\t\t\t<\/div>\n\t\t\t\t<\/div>\n\t\t\t\t\t<\/div>\n\t\t<\/div>\n\t\t\t\t\t\t\t<\/div>\n\t\t<\/section>\n\t\t\t\t<section class=\"elementor-section elementor-top-section elementor-element elementor-element-4fbe863 elementor-section-boxed elementor-section-height-default elementor-section-height-default\" data-id=\"4fbe863\" data-element_type=\"section\">\n\t\t\t\t\t\t<div class=\"elementor-container elementor-column-gap-default\">\n\t\t\t\t\t<div class=\"elementor-column elementor-col-100 elementor-top-column elementor-element elementor-element-91e416a\" data-id=\"91e416a\" data-element_type=\"column\">\n\t\t\t<div class=\"elementor-widget-wrap elementor-element-populated\">\n\t\t\t\t\t\t\t\t<div class=\"elementor-element elementor-element-f27780c elementor-widget elementor-widget-heading\" data-id=\"f27780c\" data-element_type=\"widget\" data-widget_type=\"heading.default\">\n\t\t\t\t<div class=\"elementor-widget-container\">\n\t\t\t<h3 class=\"elementor-heading-title elementor-size-xl\">Not\u00edcias<\/h3>\t\t<\/div>\n\t\t\t\t<\/div>\n\t\t\t\t\t<\/div>\n\t\t<\/div>\n\t\t\t\t\t\t\t<\/div>\n\t\t<\/section>\n\t\t\t\t<section class=\"elementor-section elementor-top-section elementor-element elementor-element-bef1d0e elementor-section-boxed elementor-section-height-default elementor-section-height-default\" data-id=\"bef1d0e\" data-element_type=\"section\">\n\t\t\t\t\t\t<div class=\"elementor-container elementor-column-gap-default\">\n\t\t\t\t\t<div class=\"elementor-column elementor-col-100 elementor-top-column elementor-element elementor-element-8b38f01\" data-id=\"8b38f01\" data-element_type=\"column\">\n\t\t\t<div class=\"elementor-widget-wrap elementor-element-populated\">\n\t\t\t\t\t\t\t\t<div class=\"elementor-element elementor-element-409eafa anwp-pg-widget-header-style--c anwp-pg-post-teaser__post-icon--size-16 elementor-arrows-position-inside elementor-pagination-position-outside elementor-widget elementor-widget-anwp-pg-classic-slider\" data-id=\"409eafa\" data-element_type=\"widget\" data-widget_type=\"anwp-pg-classic-slider.default\">\n\t\t\t\t<div class=\"elementor-widget-container\">\n\t\t\t<div class=\"anwp-pg-wrap\">\n\n\t\n\t<!-- Slider main container -->\n\t<div\n\t\tclass=\"anwp-pg-classic-slider anwp-pg-swiper-wrapper position-static swiper swiper-container anwp-pg-no-transform\"\n\t\tdata-pg-slides-per-view=\"3\"\n\t\tdata-pg-slides-per-view-mobile=\"1\"\n\t\tdata-pg-slides-per-view-tablet=\"2\"\n\t\tdata-pg-slides-per-group=\"1\"\n\t\tdata-pg-slides-per-group-mobile=\"1\"\n\t\tdata-pg-slides-per-group-tablet=\"1\"\n\t\tdata-pg-autoplay=\"yes\"\n\t\tdata-pg-autoplay-delay=\"5000\"\n\t\tdata-pg-space-between=\"25\"\n\t\tdata-pg-effect=\"slide\"\n\t\tdata-pg-show-read-more=\"\"\n\t\tdata-pg-enable-observer=\"no\"\n\t\tdata-pg-loop=\"no\"\n\t\tdir=\"ltr\"\n\t>\n\t\t<!-- Additional required wrapper -->\n\t\t<div class=\"swiper-wrapper\">\n\t\t\t<!-- Slides -->\n\t\t\t<div class=\"anwp-pg-post-teaser anwp-pg-post-teaser--inner-cover-link anwp-pg-post-teaser--layout-d d-flex flex-column swiper-slide\">\n\t<div class=\"anwp-pg-post-teaser__thumbnail position-relative\">\n\n\t\t\n\t\t\n\t\t\t\t\t<img loading=\"lazy\" class=\"anwp-pg-post-teaser__thumbnail-img d-block anwp-pg-height-170 anwp-object-cover m-0 w-100\"\n\t\t\t\talt=\"P\u00e1scoa 2026\"\n\t\t\t\tsrc=\"https:\/\/cfaeavcoa.net\/wp\/wp-content\/uploads\/2026\/03\/Pascoa_2026_gemini-300x289.png\"\/>\n\t\t\n\t\t<div class=\"anwp-pg-post-teaser__thumbnail-bg anwp-position-cover\"><\/div>\n\n\t\t<a class=\"anwp-position-cover anwp-link-without-effects\" href=\"https:\/\/cfaeavcoa.net\/wp\/?p=14004\" aria-hidden=\"true\" ><\/a>\n\t<\/div>\n\n\t<div class=\"anwp-pg-post-teaser__content flex-grow-1 pt-1 d-flex flex-column\">\n\n\t\t<div class=\"anwp-pg-post-teaser__title anwp-font-heading mt-2\">\n\t\t\t<a class=\"anwp-link-without-effects\" href=\"https:\/\/cfaeavcoa.net\/wp\/?p=14004\" aria-hidden=\"true\" >\n\t\t\t\tP\u00e1scoa 2026\t\t\t<\/a>\n\t\t<\/div>\n\n\t\t<div class=\"anwp-pg-post-teaser__bottom-meta d-flex flex-wrap\">\n\n\t\t\t\t\t\t\t<div class=\"anwp-pg-post-teaser__bottom-meta-item d-flex align-items-center mr-3\">\n\t\t\t\t\t<svg class=\"anwp-pg-icon anwp-pg-icon--s16 mr-1\">\n\t\t\t\t\t\t<use xlink:href=\"#icon-anwp-pg-calendar\"><\/use>\n\t\t\t\t\t<\/svg>\n\t\t\t\t\t<span class=\"posted-on m-0\"><span class=\"screen-reader-text\">Posted on<\/span><time class=\"anwp-pg-published anwp-pg-updated\" datetime=\"2026-04-03T05:53:33+00:00\">3 de Abril, 2026<\/time><\/span>\n\t\t\t\t<\/div>\n\t\t\t\t\t\t<\/div>\n\n\t\t\n\t\t\n\t<\/div>\n\n<\/div>\n<div class=\"anwp-pg-post-teaser anwp-pg-post-teaser--inner-cover-link anwp-pg-post-teaser--layout-d d-flex flex-column swiper-slide\">\n\t<div class=\"anwp-pg-post-teaser__thumbnail position-relative\">\n\n\t\t\n\t\t\n\t\t\t\t\t<img loading=\"lazy\" class=\"anwp-pg-post-teaser__thumbnail-img d-block anwp-pg-height-170 anwp-object-cover m-0 w-100\"\n\t\t\t\talt=\"Toler\u00e2ncia de Ponto\"\n\t\t\t\tsrc=\"https:\/\/cfaeavcoa.net\/wp\/wp-content\/uploads\/2026\/03\/Aviso_04.02-240x300.png\"\/>\n\t\t\n\t\t<div class=\"anwp-pg-post-teaser__thumbnail-bg anwp-position-cover\"><\/div>\n\n\t\t<a class=\"anwp-position-cover anwp-link-without-effects\" href=\"https:\/\/cfaeavcoa.net\/wp\/?p=14002\" aria-hidden=\"true\" ><\/a>\n\t<\/div>\n\n\t<div class=\"anwp-pg-post-teaser__content flex-grow-1 pt-1 d-flex flex-column\">\n\n\t\t<div class=\"anwp-pg-post-teaser__title anwp-font-heading mt-2\">\n\t\t\t<a class=\"anwp-link-without-effects\" href=\"https:\/\/cfaeavcoa.net\/wp\/?p=14002\" aria-hidden=\"true\" >\n\t\t\t\tToler\u00e2ncia de Ponto\t\t\t<\/a>\n\t\t<\/div>\n\n\t\t<div class=\"anwp-pg-post-teaser__bottom-meta d-flex flex-wrap\">\n\n\t\t\t\t\t\t\t<div class=\"anwp-pg-post-teaser__bottom-meta-item d-flex align-items-center mr-3\">\n\t\t\t\t\t<svg class=\"anwp-pg-icon anwp-pg-icon--s16 mr-1\">\n\t\t\t\t\t\t<use xlink:href=\"#icon-anwp-pg-calendar\"><\/use>\n\t\t\t\t\t<\/svg>\n\t\t\t\t\t<span class=\"posted-on m-0\"><span class=\"screen-reader-text\">Posted on<\/span><time class=\"anwp-pg-published anwp-pg-updated\" datetime=\"2026-03-31T13:56:34+00:00\">31 de Mar\u00e7o, 2026<\/time><\/span>\n\t\t\t\t<\/div>\n\t\t\t\t\t\t<\/div>\n\n\t\t\n\t\t\n\t<\/div>\n\n<\/div>\n<div class=\"anwp-pg-post-teaser anwp-pg-post-teaser--inner-cover-link anwp-pg-post-teaser--layout-d d-flex flex-column swiper-slide\">\n\t<div class=\"anwp-pg-post-teaser__thumbnail position-relative\">\n\n\t\t\n\t\t\n\t\t\t\t\t<img loading=\"lazy\" class=\"anwp-pg-post-teaser__thumbnail-img d-block anwp-pg-height-170 anwp-object-cover m-0 w-100\"\n\t\t\t\talt=\"BOAS FESTAS\"\n\t\t\t\tsrc=\"https:\/\/cfaeavcoa.net\/wp\/wp-content\/uploads\/2025\/12\/postal-de-natal_v4_extenso-1-300x300.png\"\/>\n\t\t\n\t\t<div class=\"anwp-pg-post-teaser__thumbnail-bg anwp-position-cover\"><\/div>\n\n\t\t<a class=\"anwp-position-cover anwp-link-without-effects\" href=\"https:\/\/cfaeavcoa.net\/wp\/?p=13939\" aria-hidden=\"true\" ><\/a>\n\t<\/div>\n\n\t<div class=\"anwp-pg-post-teaser__content flex-grow-1 pt-1 d-flex flex-column\">\n\n\t\t<div class=\"anwp-pg-post-teaser__title anwp-font-heading mt-2\">\n\t\t\t<a class=\"anwp-link-without-effects\" href=\"https:\/\/cfaeavcoa.net\/wp\/?p=13939\" aria-hidden=\"true\" >\n\t\t\t\tBOAS FESTAS\t\t\t<\/a>\n\t\t<\/div>\n\n\t\t<div class=\"anwp-pg-post-teaser__bottom-meta d-flex flex-wrap\">\n\n\t\t\t\t\t\t\t<div class=\"anwp-pg-post-teaser__bottom-meta-item d-flex align-items-center mr-3\">\n\t\t\t\t\t<svg class=\"anwp-pg-icon anwp-pg-icon--s16 mr-1\">\n\t\t\t\t\t\t<use xlink:href=\"#icon-anwp-pg-calendar\"><\/use>\n\t\t\t\t\t<\/svg>\n\t\t\t\t\t<span class=\"posted-on m-0\"><span class=\"screen-reader-text\">Posted on<\/span><time class=\"anwp-pg-published anwp-pg-updated\" datetime=\"2025-12-17T09:48:05+00:00\">17 de Dezembro, 2025<\/time><\/span>\n\t\t\t\t<\/div>\n\t\t\t\t\t\t<\/div>\n\n\t\t\n\t\t\n\t<\/div>\n\n<\/div>\n<div class=\"anwp-pg-post-teaser anwp-pg-post-teaser--inner-cover-link anwp-pg-post-teaser--layout-d d-flex flex-column swiper-slide\">\n\t<div class=\"anwp-pg-post-teaser__thumbnail position-relative\">\n\n\t\t\n\t\t\n\t\t\t\t\t<img loading=\"lazy\" class=\"anwp-pg-post-teaser__thumbnail-img d-block anwp-pg-height-170 anwp-object-cover m-0 w-100\"\n\t\t\t\talt=\"Abertura do Ano Letivo 2025\/2026 no Munic\u00edpio de Oliveira de Azem\u00e9is\"\n\t\t\t\tsrc=\"https:\/\/cfaeavcoa.net\/wp\/wp-content\/uploads\/2025\/10\/Axemeis-.png\"\/>\n\t\t\n\t\t<div class=\"anwp-pg-post-teaser__thumbnail-bg anwp-position-cover\"><\/div>\n\n\t\t<a class=\"anwp-position-cover anwp-link-without-effects\" href=\"https:\/\/cfaeavcoa.net\/wp\/?p=13906\" aria-hidden=\"true\" ><\/a>\n\t<\/div>\n\n\t<div class=\"anwp-pg-post-teaser__content flex-grow-1 pt-1 d-flex flex-column\">\n\n\t\t<div class=\"anwp-pg-post-teaser__title anwp-font-heading mt-2\">\n\t\t\t<a class=\"anwp-link-without-effects\" href=\"https:\/\/cfaeavcoa.net\/wp\/?p=13906\" aria-hidden=\"true\" >\n\t\t\t\tAbertura do Ano Letivo 2025\/2026 no Munic\u00edpio de Oliveira de Azem\u00e9is\t\t\t<\/a>\n\t\t<\/div>\n\n\t\t<div class=\"anwp-pg-post-teaser__bottom-meta d-flex flex-wrap\">\n\n\t\t\t\t\t\t\t<div class=\"anwp-pg-post-teaser__bottom-meta-item d-flex align-items-center mr-3\">\n\t\t\t\t\t<svg class=\"anwp-pg-icon anwp-pg-icon--s16 mr-1\">\n\t\t\t\t\t\t<use xlink:href=\"#icon-anwp-pg-calendar\"><\/use>\n\t\t\t\t\t<\/svg>\n\t\t\t\t\t<span class=\"posted-on m-0\"><span class=\"screen-reader-text\">Posted on<\/span><time class=\"anwp-pg-published anwp-pg-updated\" datetime=\"2025-10-15T08:44:22+00:00\">15 de Outubro, 2025<\/time><\/span>\n\t\t\t\t<\/div>\n\t\t\t\t\t\t<\/div>\n\n\t\t\n\t\t\n\t<\/div>\n\n<\/div>\n<div class=\"anwp-pg-post-teaser anwp-pg-post-teaser--inner-cover-link anwp-pg-post-teaser--layout-d d-flex flex-column swiper-slide\">\n\t<div class=\"anwp-pg-post-teaser__thumbnail position-relative\">\n\n\t\t\n\t\t\n\t\t\t\t\t<img loading=\"lazy\" class=\"anwp-pg-post-teaser__thumbnail-img d-block anwp-pg-height-170 anwp-object-cover m-0 w-100\"\n\t\t\t\talt=\"Calend\u00e1rio comum dos procedimentos da AEDD 25\/26\"\n\t\t\t\tsrc=\"https:\/\/cfaeavcoa.net\/wp\/wp-content\/uploads\/2025\/10\/AEDD_25.26-300x212.jpg\"\/>\n\t\t\n\t\t<div class=\"anwp-pg-post-teaser__thumbnail-bg anwp-position-cover\"><\/div>\n\n\t\t<a class=\"anwp-position-cover anwp-link-without-effects\" href=\"https:\/\/cfaeavcoa.net\/wp\/?p=13897\" aria-hidden=\"true\" ><\/a>\n\t<\/div>\n\n\t<div class=\"anwp-pg-post-teaser__content flex-grow-1 pt-1 d-flex flex-column\">\n\n\t\t<div class=\"anwp-pg-post-teaser__title anwp-font-heading mt-2\">\n\t\t\t<a class=\"anwp-link-without-effects\" href=\"https:\/\/cfaeavcoa.net\/wp\/?p=13897\" aria-hidden=\"true\" >\n\t\t\t\tCalend\u00e1rio comum dos procedimentos da AEDD 25\/26\t\t\t<\/a>\n\t\t<\/div>\n\n\t\t<div class=\"anwp-pg-post-teaser__bottom-meta d-flex flex-wrap\">\n\n\t\t\t\t\t\t\t<div class=\"anwp-pg-post-teaser__bottom-meta-item d-flex align-items-center mr-3\">\n\t\t\t\t\t<svg class=\"anwp-pg-icon anwp-pg-icon--s16 mr-1\">\n\t\t\t\t\t\t<use xlink:href=\"#icon-anwp-pg-calendar\"><\/use>\n\t\t\t\t\t<\/svg>\n\t\t\t\t\t<span class=\"posted-on m-0\"><span class=\"screen-reader-text\">Posted on<\/span><time class=\"anwp-pg-published anwp-pg-updated\" datetime=\"2025-10-14T10:25:52+00:00\">14 de Outubro, 2025<\/time><\/span>\n\t\t\t\t<\/div>\n\t\t\t\t\t\t<\/div>\n\n\t\t\n\t\t\n\t<\/div>\n\n<\/div>\n<div class=\"anwp-pg-post-teaser anwp-pg-post-teaser--inner-cover-link anwp-pg-post-teaser--layout-d d-flex flex-column swiper-slide\">\n\t<div class=\"anwp-pg-post-teaser__thumbnail position-relative\">\n\n\t\t\n\t\t\n\t\t\t\t\t<img loading=\"lazy\" class=\"anwp-pg-post-teaser__thumbnail-img d-block anwp-pg-height-170 anwp-object-cover m-0 w-100\"\n\t\t\t\talt=\"AE Ferreira de Castro premiado internacionalmente\"\n\t\t\t\tsrc=\"https:\/\/cfaeavcoa.net\/wp\/wp-content\/uploads\/2025\/09\/ae_fc.jpg\"\/>\n\t\t\n\t\t<div class=\"anwp-pg-post-teaser__thumbnail-bg anwp-position-cover\"><\/div>\n\n\t\t<a class=\"anwp-position-cover anwp-link-without-effects\" href=\"https:\/\/cfaeavcoa.net\/wp\/?p=13865\" aria-hidden=\"true\" ><\/a>\n\t<\/div>\n\n\t<div class=\"anwp-pg-post-teaser__content flex-grow-1 pt-1 d-flex flex-column\">\n\n\t\t<div class=\"anwp-pg-post-teaser__title anwp-font-heading mt-2\">\n\t\t\t<a class=\"anwp-link-without-effects\" href=\"https:\/\/cfaeavcoa.net\/wp\/?p=13865\" aria-hidden=\"true\" >\n\t\t\t\tAE Ferreira de Castro premiado internacionalmente\t\t\t<\/a>\n\t\t<\/div>\n\n\t\t<div class=\"anwp-pg-post-teaser__bottom-meta d-flex flex-wrap\">\n\n\t\t\t\t\t\t\t<div class=\"anwp-pg-post-teaser__bottom-meta-item d-flex align-items-center mr-3\">\n\t\t\t\t\t<svg class=\"anwp-pg-icon anwp-pg-icon--s16 mr-1\">\n\t\t\t\t\t\t<use xlink:href=\"#icon-anwp-pg-calendar\"><\/use>\n\t\t\t\t\t<\/svg>\n\t\t\t\t\t<span class=\"posted-on m-0\"><span class=\"screen-reader-text\">Posted on<\/span><time class=\"anwp-pg-published anwp-pg-updated\" datetime=\"2025-09-24T13:56:46+00:00\">24 de Setembro, 2025<\/time><\/span>\n\t\t\t\t<\/div>\n\t\t\t\t\t\t<\/div>\n\n\t\t\n\t\t\n\t<\/div>\n\n<\/div>\n\t\t<\/div>\n\n\t\t\t\t\t\t\t\t\t<div class=\"swiper-pagination\"><\/div>\n\t\t\t\t\t\t\t\t\t\t<div class=\"elementor-swiper-button elementor-swiper-button-prev\">\n\t\t\t\t\t<svg class=\"anwp-pg-icon anwp-pg-icon--feather anwp-pg-icon--s28\">\n\t\t\t\t\t\t<use xlink:href=\"#icon-anwp-pg-chevron-left\"><\/use>\n\t\t\t\t\t<\/svg>\n\t\t\t\t\t<span class=\"elementor-screen-only\">Previous<\/span>\n\t\t\t\t<\/div>\n\t\t\t\t<div class=\"elementor-swiper-button elementor-swiper-button-next\">\n\t\t\t\t\t<svg class=\"anwp-pg-icon anwp-pg-icon--feather anwp-pg-icon--s28\">\n\t\t\t\t\t\t<use xlink:href=\"#icon-anwp-pg-chevron-right\"><\/use>\n\t\t\t\t\t<\/svg>\n\t\t\t\t\t<span class=\"elementor-screen-only\">Next<\/span>\n\t\t\t\t<\/div>\n\t\t\t\t\t\t<\/div>\n<\/div>\n\t\t<\/div>\n\t\t\t\t<\/div>\n\t\t\t\t\t<\/div>\n\t\t<\/div>\n\t\t\t\t\t\t\t<\/div>\n\t\t<\/section>\n\t\t\t\t<section class=\"elementor-section elementor-top-section elementor-element elementor-element-0f8d639 elementor-section-boxed elementor-section-height-default elementor-section-height-default\" data-id=\"0f8d639\" data-element_type=\"section\">\n\t\t\t\t\t\t<div class=\"elementor-container elementor-column-gap-default\">\n\t\t\t\t\t<div class=\"elementor-column elementor-col-100 elementor-top-column elementor-element elementor-element-4722fc7\" data-id=\"4722fc7\" data-element_type=\"column\">\n\t\t\t<div class=\"elementor-widget-wrap elementor-element-populated\">\n\t\t\t\t\t\t\t\t<div class=\"elementor-element elementor-element-fabaa1d elementor-widget elementor-widget-spacer\" data-id=\"fabaa1d\" data-element_type=\"widget\" data-widget_type=\"spacer.default\">\n\t\t\t\t<div class=\"elementor-widget-container\">\n\t\t\t\t\t<div class=\"elementor-spacer\">\n\t\t\t<div class=\"elementor-spacer-inner\"><\/div>\n\t\t<\/div>\n\t\t\t\t<\/div>\n\t\t\t\t<\/div>\n\t\t\t\t<div class=\"elementor-element elementor-element-fdd06d4 elementor-widget elementor-widget-image\" data-id=\"fdd06d4\" data-element_type=\"widget\" data-widget_type=\"image.default\">\n\t\t\t\t<div class=\"elementor-widget-container\">\n\t\t\t\t\t\t\t\t\t\t\t\t\t\t\t<img loading=\"lazy\" decoding=\"async\" width=\"1810\" height=\"2560\" src=\"https:\/\/cfaeavcoa.net\/wp\/wp-content\/uploads\/2025\/11\/FichaOperacao_A4_com_selo_OK-scaled.jpg\" class=\"attachment-full size-full wp-image-13915\" alt=\"Forma\u00e7\u00e3o cont\u00ednua de docentes, formadores e outros agentes de educa\u00e7\u00e3o\" srcset=\"https:\/\/cfaeavcoa.net\/wp\/wp-content\/uploads\/2025\/11\/FichaOperacao_A4_com_selo_OK-scaled.jpg 1810w, https:\/\/cfaeavcoa.net\/wp\/wp-content\/uploads\/2025\/11\/FichaOperacao_A4_com_selo_OK-212x300.jpg 212w, https:\/\/cfaeavcoa.net\/wp\/wp-content\/uploads\/2025\/11\/FichaOperacao_A4_com_selo_OK-724x1024.jpg 724w, https:\/\/cfaeavcoa.net\/wp\/wp-content\/uploads\/2025\/11\/FichaOperacao_A4_com_selo_OK-768x1086.jpg 768w, https:\/\/cfaeavcoa.net\/wp\/wp-content\/uploads\/2025\/11\/FichaOperacao_A4_com_selo_OK-1086x1536.jpg 1086w, https:\/\/cfaeavcoa.net\/wp\/wp-content\/uploads\/2025\/11\/FichaOperacao_A4_com_selo_OK-1448x2048.jpg 1448w\" sizes=\"auto, (max-width: 1810px) 100vw, 1810px\" \/>\t\t\t\t\t\t\t\t\t\t\t\t\t\t\t<\/div>\n\t\t\t\t<\/div>\n\t\t\t\t\t<\/div>\n\t\t<\/div>\n\t\t\t\t\t\t\t<\/div>\n\t\t<\/section>\n\t\t\t\t\t\t\t<\/div>\n\t\t","protected":false},"excerpt":{"rendered":"<p>Arouca Vale de Cambra Oliveira de Azem\u00e9is Quem Somos \u00a0\u00a0\u00a0\u00a0 O Centro de Forma\u00e7\u00e3o de Professores, CFAE AVCOA &#8211; Centro de Forma\u00e7\u00e3o de Associa\u00e7\u00e3o de Escolas dos Concelhos de Arouca,<\/p>\n","protected":false},"author":1,"featured_media":13834,"parent":0,"menu_order":0,"comment_status":"closed","ping_status":"closed","template":"","meta":{"footnotes":""},"class_list":["post-8754","page","type-page","status-publish","has-post-thumbnail"],"_links":{"self":[{"href":"https:\/\/cfaeavcoa.net\/wp\/index.php?rest_route=\/wp\/v2\/pages\/8754","targetHints":{"allow":["GET"]}}],"collection":[{"href":"https:\/\/cfaeavcoa.net\/wp\/index.php?rest_route=\/wp\/v2\/pages"}],"about":[{"href":"https:\/\/cfaeavcoa.net\/wp\/index.php?rest_route=\/wp\/v2\/types\/page"}],"author":[{"embeddable":true,"href":"https:\/\/cfaeavcoa.net\/wp\/index.php?rest_route=\/wp\/v2\/users\/1"}],"replies":[{"embeddable":true,"href":"https:\/\/cfaeavcoa.net\/wp\/index.php?rest_route=%2Fwp%2Fv2%2Fcomments&post=8754"}],"version-history":[{"count":109,"href":"https:\/\/cfaeavcoa.net\/wp\/index.php?rest_route=\/wp\/v2\/pages\/8754\/revisions"}],"predecessor-version":[{"id":13918,"href":"https:\/\/cfaeavcoa.net\/wp\/index.php?rest_route=\/wp\/v2\/pages\/8754\/revisions\/13918"}],"wp:featuredmedia":[{"embeddable":true,"href":"https:\/\/cfaeavcoa.net\/wp\/index.php?rest_route=\/wp\/v2\/media\/13834"}],"wp:attachment":[{"href":"https:\/\/cfaeavcoa.net\/wp\/index.php?rest_route=%2Fwp%2Fv2%2Fmedia&parent=8754"}],"curies":[{"name":"wp","href":"https:\/\/api.w.org\/{rel}","templated":true}]}}